{"id":701,"date":"2019-01-28T12:33:22","date_gmt":"2019-01-28T12:33:22","guid":{"rendered":"http:\/\/studiomade.supportdontpunish.org\/?page_id=701"},"modified":"2019-05-23T09:40:28","modified_gmt":"2019-05-23T08:40:28","slug":"spread-the-word","status":"publish","type":"page","link":"https:\/\/supportdontpunish.org\/fr\/spread-the-word\/","title":{"rendered":"PASSEZ LE MOT"},"content":{"rendered":"<h1 class=\"p1\"><span class=\"s1\">Aidez \u00e0 passer le mot<\/span><\/h1>\n<p>La campagne \u00abSoutenez. Ne punissez pas\u00a0\u00bb compte sur ses milliers de supporters pour accro\u00eetre la port\u00e9e et l&rsquo;impact de son message collectif. Ci-dessous, vous trouverez diff\u00e9rents moyens d\u2019y contribuer.<\/p>\n","protected":false},"excerpt":{"rendered":"<p>Aidez \u00e0 passer le mot La campagne \u00abSoutenez. Ne punissez pas\u00a0\u00bb compte sur ses milliers de supporters pour accro\u00eetre la port\u00e9e et l&rsquo;impact de son message collectif. Ci-dessous, vous trouverez diff\u00e9rents moyens d\u2019y contribuer.<\/p>\n","protected":false},"author":1,"featured_media":0,"parent":0,"menu_order":0,"comment_status":"closed","ping_status":"closed","template":"tpl-spread-the-word.php","meta":{"footnotes":""},"class_list":["post-701","page","type-page","status-publish","hentry"],"_links":{"self":[{"href":"https:\/\/supportdontpunish.org\/fr\/wp-json\/wp\/v2\/pages\/701","targetHints":{"allow":["GET"]}}],"collection":[{"href":"https:\/\/supportdontpunish.org\/fr\/wp-json\/wp\/v2\/pages"}],"about":[{"href":"https:\/\/supportdontpunish.org\/fr\/wp-json\/wp\/v2\/types\/page"}],"author":[{"embeddable":true,"href":"https:\/\/supportdontpunish.org\/fr\/wp-json\/wp\/v2\/users\/1"}],"replies":[{"embeddable":true,"href":"https:\/\/supportdontpunish.org\/fr\/wp-json\/wp\/v2\/comments?post=701"}],"version-history":[{"count":0,"href":"https:\/\/supportdontpunish.org\/fr\/wp-json\/wp\/v2\/pages\/701\/revisions"}],"wp:attachment":[{"href":"https:\/\/supportdontpunish.org\/fr\/wp-json\/wp\/v2\/media?parent=701"}],"curies":[{"name":"wp","href":"https:\/\/api.w.org\/{rel}","templated":true}]}}