{"id":693,"date":"2019-01-28T12:32:55","date_gmt":"2019-01-28T12:32:55","guid":{"rendered":"http:\/\/studiomade.supportdontpunish.org\/?page_id=693"},"modified":"2019-05-09T12:40:11","modified_gmt":"2019-05-09T11:40:11","slug":"ressources","status":"publish","type":"page","link":"https:\/\/supportdontpunish.org\/fr\/ressources\/","title":{"rendered":"Ressources"},"content":{"rendered":"<h1 class=\"page-title\">Ressources<\/h1>\n<p>Ces ressources g\u00e9n\u00e9riques vous aideront \u00e0 produire des supports de diffusion, organiser des actions percutantes et construire votre base de connaissances sur les principaux objectifs de la campagne. Si vous avez besoin des fichiers originaux, n\u2019h\u00e9sitez pas \u00e0 nous contacter au <a href=\"mailto:campaign@idpc.net\">campaign@idpc.net<\/a>.<\/p>\n","protected":false},"excerpt":{"rendered":"<p>Ressources Ces ressources g\u00e9n\u00e9riques vous aideront \u00e0 produire des supports de diffusion, organiser des actions percutantes et construire votre base de connaissances sur les principaux objectifs de la campagne. Si vous avez besoin des fichiers originaux, n\u2019h\u00e9sitez pas \u00e0 nous contacter au campaign@idpc.net.<\/p>\n","protected":false},"author":1,"featured_media":0,"parent":0,"menu_order":0,"comment_status":"closed","ping_status":"closed","template":"tpl-resources.php","meta":{"footnotes":""},"class_list":["post-693","page","type-page","status-publish","hentry"],"_links":{"self":[{"href":"https:\/\/supportdontpunish.org\/fr\/wp-json\/wp\/v2\/pages\/693","targetHints":{"allow":["GET"]}}],"collection":[{"href":"https:\/\/supportdontpunish.org\/fr\/wp-json\/wp\/v2\/pages"}],"about":[{"href":"https:\/\/supportdontpunish.org\/fr\/wp-json\/wp\/v2\/types\/page"}],"author":[{"embeddable":true,"href":"https:\/\/supportdontpunish.org\/fr\/wp-json\/wp\/v2\/users\/1"}],"replies":[{"embeddable":true,"href":"https:\/\/supportdontpunish.org\/fr\/wp-json\/wp\/v2\/comments?post=693"}],"version-history":[{"count":0,"href":"https:\/\/supportdontpunish.org\/fr\/wp-json\/wp\/v2\/pages\/693\/revisions"}],"wp:attachment":[{"href":"https:\/\/supportdontpunish.org\/fr\/wp-json\/wp\/v2\/media?parent=693"}],"curies":[{"name":"wp","href":"https:\/\/api.w.org\/{rel}","templated":true}]}}