{"id":689,"date":"2019-01-28T12:32:43","date_gmt":"2019-01-28T12:32:43","guid":{"rendered":"http:\/\/studiomade.supportdontpunish.org\/?page_id=689"},"modified":"2019-05-09T12:52:27","modified_gmt":"2019-05-09T11:52:27","slug":"projet-photos","status":"publish","type":"page","link":"https:\/\/supportdontpunish.org\/fr\/projet-photos\/","title":{"rendered":"Projet Photos"},"content":{"rendered":"<p>Un \u00e9l\u00e9ment cl\u00e9 de la campagne Soutenez. Ne punissez pas, le projet Photo, est une p\u00e9tition photo ouverte, en direct et en constante \u00e9volution, avec plus de 10 000 entr\u00e9es. Les clich\u00e9s mettent en avant des plaideurs, des usagers de drogues, des responsables gouvernementaux et des Nations Unies, des c\u00e9l\u00e9brit\u00e9s et plus encore, tous unis par le m\u00eame message: Soutenez. Ne punissez pas.<\/p>\n<p>&nbsp;<\/p>\n<p>Si vous \u00eates aussi d\u2019avis que nous avons besoin de politiques en mati\u00e8re de drogues ax\u00e9es sur la sant\u00e9 et les droits humains, rejoignez le club! T\u00e9l\u00e9chargez le d\u00e9pliant ou le logo de la campagne, prenez une photo avec et envoyez-la \u00e0 campaign@idpc.net. Nous partagerons les photos ici et sur Facebook.<\/p>\n","protected":false},"excerpt":{"rendered":"<p>Un \u00e9l\u00e9ment cl\u00e9 de la campagne Soutenez. Ne punissez pas, le projet Photo, est une p\u00e9tition photo ouverte, en direct et en constante \u00e9volution, avec plus de 10 000 entr\u00e9es. Les clich\u00e9s mettent en avant des plaideurs, des usagers de drogues, des responsables gouvernementaux et des Nations Unies, des c\u00e9l\u00e9brit\u00e9s et plus encore, tous unis [&hellip;]<\/p>\n","protected":false},"author":1,"featured_media":0,"parent":0,"menu_order":0,"comment_status":"closed","ping_status":"closed","template":"tpl-photo-project.php","meta":{"footnotes":""},"class_list":["post-689","page","type-page","status-publish","hentry"],"_links":{"self":[{"href":"https:\/\/supportdontpunish.org\/fr\/wp-json\/wp\/v2\/pages\/689","targetHints":{"allow":["GET"]}}],"collection":[{"href":"https:\/\/supportdontpunish.org\/fr\/wp-json\/wp\/v2\/pages"}],"about":[{"href":"https:\/\/supportdontpunish.org\/fr\/wp-json\/wp\/v2\/types\/page"}],"author":[{"embeddable":true,"href":"https:\/\/supportdontpunish.org\/fr\/wp-json\/wp\/v2\/users\/1"}],"replies":[{"embeddable":true,"href":"https:\/\/supportdontpunish.org\/fr\/wp-json\/wp\/v2\/comments?post=689"}],"version-history":[{"count":0,"href":"https:\/\/supportdontpunish.org\/fr\/wp-json\/wp\/v2\/pages\/689\/revisions"}],"wp:attachment":[{"href":"https:\/\/supportdontpunish.org\/fr\/wp-json\/wp\/v2\/media?parent=689"}],"curies":[{"name":"wp","href":"https:\/\/api.w.org\/{rel}","templated":true}]}}