{"id":685,"date":"2019-01-28T12:32:30","date_gmt":"2019-01-28T12:32:30","guid":{"rendered":"http:\/\/studiomade.supportdontpunish.org\/?page_id=685"},"modified":"2026-03-26T13:22:41","modified_gmt":"2026-03-26T13:22:41","slug":"join","status":"publish","type":"page","link":"https:\/\/supportdontpunish.org\/fr\/join\/","title":{"rendered":"Rejoignez l&rsquo;action"},"content":{"rendered":"<h1 style=\"text-align: left;\"><em>Soutenez. Ne Punissez Pas<\/em>\u00a0:<br \/>\nJourn\u00e9e d\u2019action mondiale 2026<\/h1>\n<p><em>(Le slogan de la campagne a \u00e9t\u00e9 traduit de nombreuses fa\u00e7ons. <a href=\"https:\/\/supportdontpunish.org\/babel\">Retrouvez quelques traductions ici<\/a>.).<\/em><\/p>\n<h2><b>R\u00e9sister \u00e0 la r\u00e9pression. Construire la solidarit\u00e9<\/b><\/h2>\n<p><span style=\"font-weight: 400;\">Partout dans le monde, nos communaut\u00e9s continuent de r\u00e9sister aux politiques r\u00e9pressives en mati\u00e8re de drogues et de construire des alternatives fond\u00e9es sur <\/span><b>le soin, la dignit\u00e9 et la justice.<\/b><\/p>\n<p><span style=\"font-weight: 400;\">Si le recul actuel face \u00e0 la r\u00e9duction des risques et \u00e0 la d\u00e9criminalisation est profond\u00e9ment pr\u00e9occupant, il constitue \u00e0 bien des \u00e9gards une r\u00e9action conservatrice aux<\/span><b> avanc\u00e9es importantes que nous avons contribu\u00e9 \u00e0 obtenir<\/b><span style=\"font-weight: 400;\"> : \u00e9largissement de l\u2019acc\u00e8s aux services de r\u00e9duction des risques ; r\u00e9formes positives des syst\u00e8mes de justice ; renforcement d\u2019un mouvement centr\u00e9 sur la puissance de la mobilisation de terrain ; et, pour la deuxi\u00e8me fois dans l\u2019histoire, reconnaissance de la \u00ab r\u00e9duction des risques \u00bb par la Commission des stup\u00e9fiants des Nations unies.<\/span><\/p>\n<p><span style=\"font-weight: 400;\">Ces avanc\u00e9es sont le fruit d\u2019un <\/span><b>travail soutenu d\u2019organisation, de mobilisation et de plaidoyer \u00e0 tous les niveaux de gouvernance<\/b><span style=\"font-weight: 400;\">, du local \u00e0 l\u2019international. Nous avons tous\u00b7tes un r\u00f4le \u00e0 jouer pour les prot\u00e9ger, consolider ces acquis et continuer \u00e0 faire avancer les lignes.<\/span><\/p>\n<p><span style=\"font-weight: 400;\">Alors que le syst\u00e8me multilat\u00e9ral est fragilis\u00e9 et que des politiques r\u00e9actionnaires d\u00e9signent les personnes usag\u00e8res des drogues et d\u2019autres communaut\u00e9s marginalis\u00e9es comme boucs \u00e9missaires, les traitant comme des populations jetables, <\/span><b>des actions collectives et strat\u00e9giques sont plus urgentes que jamais.<\/b><\/p>\n<p><span style=\"font-weight: 400;\">La <\/span><b>Journ\u00e9e mondiale d\u2019action de 2026 de <\/b><b><i>Support. Don\u2019t Punish<\/i><\/b><span style=\"font-weight: 400;\"> \u2014 organis\u00e9e autour du 26 juin \u2014 est une occasion de se rassembler dans une solidarit\u00e9 transnationale, de montrer notre force, de contrer les r\u00e9cits nuisibles et de connecter avec d\u2019autres pour faire avancer des alternatives durables \u00e0 la \u00ab guerre \u00e0 la drogue \u00bb.<\/span><\/p>\n<p><span style=\"font-weight: 400;\">Les organisations, r\u00e9seaux communautaires et groupes de base du monde entier sont invit\u00e9s \u00e0 soumettre une <\/span><b>expression d\u2019int\u00e9r\u00eat<\/b><span style=\"font-weight: 400;\"> pour participer \u00e0 cette journ\u00e9e d\u2019espoir et de r\u00e9sistance.<\/span><\/p>\n<hr \/>\n<h2><b>Ce que nous recherchons<\/b><\/h2>\n<p><b>Nous souhaitons savoir ce que vous pr\u00e9voyez pour la Journ\u00e9e mondiale d\u2019action, que vous ayez besoin d\u2019un soutien financier ou non !<\/b><\/p>\n<p><span style=\"font-weight: 400;\">Dans la conception de vos activit\u00e9s, nous vous encourageons \u00e0 veiller \u00e0 ce qu\u2019elles soient :<\/span><\/p>\n<ul>\n<li style=\"font-weight: 400;\" aria-level=\"1\"><b>Strat\u00e9giques<\/b><span style=\"font-weight: 400;\"> : avec des objectifs, des cibles et des r\u00e9sultats attendus clairs.<\/span><\/li>\n<li style=\"font-weight: 400;\" aria-level=\"1\"><b>Cr\u00e9atives<\/b><span style=\"font-weight: 400;\"> : en explorant des formats vari\u00e9s pour mobiliser les communaut\u00e9s, les d\u00e9cideur\u00b7euse\u00b7s et les m\u00e9dias.<\/span><\/li>\n<li style=\"font-weight: 400;\" aria-level=\"1\"><b>Collaboratives<\/b><span style=\"font-weight: 400;\"> : en construisant des alliances au sein et entre diff\u00e9rents mouvements.<\/span><\/li>\n<li style=\"font-weight: 400;\" aria-level=\"1\"><b>Ancr\u00e9es dans le leadership communautaire<\/b><span style=\"font-weight: 400;\"> : en impliquant de mani\u00e8re significative les communaut\u00e9s concern\u00e9es.<\/span><\/li>\n<\/ul>\n<p><span style=\"font-weight: 400;\">Les actions men\u00e9es dans le cadre de la Journ\u00e9e ont inclus : du plaidoyer au niveau parlementaire, des projections-d\u00e9bats avec des communaut\u00e9s locales, des conf\u00e9rences de presse et formations aux m\u00e9dias, des discussions et des marches, des campagnes num\u00e9riques, et bien plus encore !<\/span><\/p>\n<p><span style=\"font-weight: 400;\">Pour vous inspirer, consultez les rapports des \u00e9ditions pr\u00e9c\u00e9dentes : <\/span><a href=\"https:\/\/supportdontpunish.org\/support-dont-punish-global-day-of-action-2025-new-challenges-inspire-creative-solutions\/\"><span style=\"font-weight: 400;\">2025<\/span><\/a><span style=\"font-weight: 400;\">, <\/span><a href=\"https:\/\/supportdontpunish.org\/cultivating-ecosystems-of-change-for-lasting-impact\/\"><span style=\"font-weight: 400;\">2024<\/span><\/a><span style=\"font-weight: 400;\">, <\/span><a href=\"https:\/\/supportdontpunish.org\/support-dont-punish-2023-cultivating-ecosystems-of-change-for-a-future-beyond-the-war-on-drugs\/\"><span style=\"font-weight: 400;\">2023<\/span><\/a><span style=\"font-weight: 400;\">.<\/span><\/p>\n<hr \/>\n<h2><b>Qui peut postuler<\/b><\/h2>\n<p><span style=\"font-weight: 400;\">Notre mouvement est mondial et diversifi\u00e9, et nous accueillons les manifestations d\u2019int\u00e9r\u00eat de toute personne ou organisation partageant nos objectifs et souhaitant participer \u00e0 la Journ\u00e9e mondiale d\u2019action.<\/span><\/p>\n<p><span style=\"font-weight: 400;\">Toutefois, la priorit\u00e9 en mati\u00e8re de soutien financier sera donn\u00e9e aux initiatives dirig\u00e9es par, et impliquant de mani\u00e8re significative, les communaut\u00e9s les plus affect\u00e9es par la \u00ab guerre \u00e0 la drogue \u00bb, notamment : les personnes qui consomment des drogues, les communaut\u00e9s racis\u00e9es, les jeunes, les communaut\u00e9s LGBTQ+, les travailleur\u00b7euse\u00b7s du sexe, les personnes vivant avec le VIH ou affect\u00e9es par celui-ci, ainsi que les groupes situ\u00e9s dans le Sud global.<\/span><\/p>\n<p><span style=\"font-weight: 400;\">En raison de contraintes financi\u00e8res importantes, <\/span><b>l\u2019attribution de petites subventions (d\u2019un montant moyen de 450 USD) sera tr\u00e8s limit\u00e9e et comp\u00e9titive en 2026<\/b><span style=\"font-weight: 400;\">. Nous vous encourageons donc vivement \u00e0 envisager comment mobiliser des ressources locales et organiser des activit\u00e9s n\u00e9cessitant peu ou pas de financement.<\/span><\/p>\n<hr \/>\n<h2><b>Soumettre votre manifestation d\u2019int\u00e9r\u00eat<\/b><\/h2>\n<p><a href=\"https:\/\/supportdontpunish.org\/gdaction-2026-form\">SOUMETTRE VOTRE EXPRESSION D\u2019INT\u00c9R\u00caT EN SUIVANT CE LIEN<\/a><\/p>\n<hr \/>\n<p><span style=\"font-weight: 400;\">Vous pouvez \u00e9galement renforcer ce travail en<\/span><a href=\"https:\/\/supportdontpunish.org\/support-dont-punish-donations-portal\/\"><span style=\"font-weight: 400;\"> faisant un don<\/span><\/a><span style=\"font-weight: 400;\"> au programme de petites subventions de la campagne. Toutes les contributions soutiennent directement l\u2019organisation de base dans le Sud global, o\u00f9 les financements sont les plus limit\u00e9s et les effets de la r\u00e9pression les plus s\u00e9v\u00e8res.<\/span><\/p>\n<hr \/>\n<h3 data-start=\"5342\" data-end=\"5749\"><strong data-start=\"5342\" data-end=\"5383\">Dates cl\u00e9s et calendrier pr\u00e9visionnel<\/strong><\/h3>\n<ul>\n<li data-start=\"5342\" data-end=\"5749\"><strong>Ouverture de l\u2019appel \u00e0 expressions d\u2019int\u00e9r\u00eat<\/strong> : 26 mars 2026<\/li>\n<li data-start=\"5342\" data-end=\"5749\"><strong>Date limite de d\u00e9p\u00f4t des candidatures<\/strong> : 20 avril 2026<\/li>\n<li data-start=\"5342\" data-end=\"5749\"><strong>P\u00e9riode d\u2019\u00e9valuation des candidatures<\/strong> : 27 avril \u2013 8 mai 2026<\/li>\n<li data-start=\"5342\" data-end=\"5749\"><strong>Notification du soutien<\/strong> : 11 \u2013 14 mai 2026<\/li>\n<li data-start=\"5342\" data-end=\"5749\"><strong>P\u00e9riode de transferts<\/strong> : 18 mai \u2013 19 juin 2026<\/li>\n<li data-start=\"5342\" data-end=\"5749\"><strong>Journ\u00e9e mondiale d\u2019action<\/strong> : 26 juin 2026<\/li>\n<li data-start=\"5342\" data-end=\"5749\"><strong>P\u00e9riode de soumission des retours<\/strong> : juillet \u2013 ao\u00fbt 2026<\/li>\n<\/ul>\n","protected":false},"excerpt":{"rendered":"<p>Soutenez. Ne Punissez Pas\u00a0: Journ\u00e9e d\u2019action mondiale 2026 (Le slogan de la campagne a \u00e9t\u00e9 traduit de nombreuses fa\u00e7ons. Retrouvez quelques traductions ici.). R\u00e9sister \u00e0 la r\u00e9pression. Construire la solidarit\u00e9 Partout dans le monde, nos communaut\u00e9s continuent de r\u00e9sister aux politiques r\u00e9pressives en mati\u00e8re de drogues et de construire des alternatives fond\u00e9es sur le soin, [&hellip;]<\/p>\n","protected":false},"author":1,"featured_media":0,"parent":0,"menu_order":0,"comment_status":"closed","ping_status":"closed","template":"tpl-day-of-action.php","meta":{"footnotes":""},"class_list":["post-685","page","type-page","status-publish","hentry"],"_links":{"self":[{"href":"https:\/\/supportdontpunish.org\/fr\/wp-json\/wp\/v2\/pages\/685","targetHints":{"allow":["GET"]}}],"collection":[{"href":"https:\/\/supportdontpunish.org\/fr\/wp-json\/wp\/v2\/pages"}],"about":[{"href":"https:\/\/supportdontpunish.org\/fr\/wp-json\/wp\/v2\/types\/page"}],"author":[{"embeddable":true,"href":"https:\/\/supportdontpunish.org\/fr\/wp-json\/wp\/v2\/users\/1"}],"replies":[{"embeddable":true,"href":"https:\/\/supportdontpunish.org\/fr\/wp-json\/wp\/v2\/comments?post=685"}],"version-history":[{"count":0,"href":"https:\/\/supportdontpunish.org\/fr\/wp-json\/wp\/v2\/pages\/685\/revisions"}],"wp:attachment":[{"href":"https:\/\/supportdontpunish.org\/fr\/wp-json\/wp\/v2\/media?parent=685"}],"curies":[{"name":"wp","href":"https:\/\/api.w.org\/{rel}","templated":true}]}}