{"id":649,"date":"2019-01-28T12:30:20","date_gmt":"2019-01-28T12:30:20","guid":{"rendered":"http:\/\/studiomade.supportdontpunish.org\/?page_id=649"},"modified":"2019-05-09T12:08:01","modified_gmt":"2019-05-09T11:08:01","slug":"past-events","status":"publish","type":"page","link":"https:\/\/supportdontpunish.org\/fr\/a-propos\/past-events\/","title":{"rendered":"\u00c9V\u00c9NEMENTS PR\u00c9C\u00c9DENTS"},"content":{"rendered":"<h1>Naviguez \u00e0 travers les activit\u00e9s pr\u00e9c\u00e9dentes<\/h1>\n<p>L&rsquo;impact croissant de la campagne Soutenez. Ne punissez pas doit son courage et son ing\u00e9niosit\u00e9 \u00e0 ses partenaires locaux et \u00e0 ses activistes du monde entier. Vous voulez vous rafra\u00eechir la m\u00e9moire ou trouver l\u2019inspiration? La carte ci-dessous vous permet de naviguer \u00e0 travers la panoplie d\u2019activit\u00e9s passionnantes organis\u00e9es sous notre banni\u00e8re collective.<\/p>\n","protected":false},"excerpt":{"rendered":"<p>Naviguez \u00e0 travers les activit\u00e9s pr\u00e9c\u00e9dentes L&rsquo;impact croissant de la campagne Soutenez. Ne punissez pas doit son courage et son ing\u00e9niosit\u00e9 \u00e0 ses partenaires locaux et \u00e0 ses activistes du monde entier. Vous voulez vous rafra\u00eechir la m\u00e9moire ou trouver l\u2019inspiration? La carte ci-dessous vous permet de naviguer \u00e0 travers la panoplie d\u2019activit\u00e9s passionnantes organis\u00e9es [&hellip;]<\/p>\n","protected":false},"author":1,"featured_media":0,"parent":705,"menu_order":0,"comment_status":"closed","ping_status":"closed","template":"tpl-day-of-action.php","meta":{"footnotes":""},"class_list":["post-649","page","type-page","status-publish","hentry"],"_links":{"self":[{"href":"https:\/\/supportdontpunish.org\/fr\/wp-json\/wp\/v2\/pages\/649","targetHints":{"allow":["GET"]}}],"collection":[{"href":"https:\/\/supportdontpunish.org\/fr\/wp-json\/wp\/v2\/pages"}],"about":[{"href":"https:\/\/supportdontpunish.org\/fr\/wp-json\/wp\/v2\/types\/page"}],"author":[{"embeddable":true,"href":"https:\/\/supportdontpunish.org\/fr\/wp-json\/wp\/v2\/users\/1"}],"replies":[{"embeddable":true,"href":"https:\/\/supportdontpunish.org\/fr\/wp-json\/wp\/v2\/comments?post=649"}],"version-history":[{"count":0,"href":"https:\/\/supportdontpunish.org\/fr\/wp-json\/wp\/v2\/pages\/649\/revisions"}],"up":[{"embeddable":true,"href":"https:\/\/supportdontpunish.org\/fr\/wp-json\/wp\/v2\/pages\/705"}],"wp:attachment":[{"href":"https:\/\/supportdontpunish.org\/fr\/wp-json\/wp\/v2\/media?parent=649"}],"curies":[{"name":"wp","href":"https:\/\/api.w.org\/{rel}","templated":true}]}}