{"id":687,"date":"2019-01-28T12:32:35","date_gmt":"2019-01-28T12:32:35","guid":{"rendered":"http:\/\/studiomade.supportdontpunish.org\/?page_id=687"},"modified":"2026-03-26T13:23:50","modified_gmt":"2026-03-26T13:23:50","slug":"join","status":"publish","type":"page","link":"https:\/\/supportdontpunish.org\/es\/join\/","title":{"rendered":"\u00a1\u00danete al movimiento!"},"content":{"rendered":"<h1 style=\"text-align: left;\"><strong>D\u00eda de acci\u00f3n mundial de<br \/>\n<em>Apoye. No Castigue<\/em> de 2026<\/strong><\/h1>\n<p><em>(El lema de la campa\u00f1a ha sido traducido de much\u00edsimas formas. En espa\u00f1ol suele tambi\u00e9n decirse Acompa\u00f1e. No Castigue. <a href=\"https:\/\/supportdontpunish.org\/babel\">Encuentra algunas traducciones aqu\u00ed<\/a>).<\/em><\/p>\n<h2><b>Resistencia ante la represi\u00f3n. Construyendo cuidado.<\/b><\/h2>\n<p><span style=\"font-weight: 400;\">Comunidades en todo el mundo siguen resistiendo pol\u00edticas de drogas punitivas y construyendo alternativas basadas en el <\/span><b>cuidado, la dignidad y la justicia.<\/b><\/p>\n<p><span style=\"font-weight: 400;\">Si bien los retrocesos actuales frente a la reducci\u00f3n de da\u00f1os y la descriminalizaci\u00f3n son profundamente preocupantes, en cierta medida constituyen una reacci\u00f3n conservadora a los <\/span><b>importantes avances que hemos contribuido a lograr<\/b><span style=\"font-weight: 400;\">: la ampliaci\u00f3n del alcance y la gama de servicios de reducci\u00f3n de da\u00f1os; reformas positivas en los sistemas de justicia; el fortalecimiento de un movimiento centrado en el poder de sus bases comunitarias; y, por segunda vez en la historia, el reconocimiento de la \u201creducci\u00f3n de da\u00f1os\u201d por la Comisi\u00f3n de Estupefacientes de la ONU.<\/span><\/p>\n<p><span style=\"font-weight: 400;\">Estos avances resultan de un <\/span><b>trabajo sostenido de organizaci\u00f3n, incidencia y movilizaci\u00f3n a todos los niveles de gobernanza<\/b><span style=\"font-weight: 400;\">, desde lo local hasta lo internacional. Todes tenemos un papel que desempe\u00f1ar para protegerlos, consolidarlos y seguir ampli\u00e1ndolos.<\/span><\/p>\n<p><span style=\"font-weight: 400;\">En un contexto en el que el sistema multilateral est\u00e1 bajo presi\u00f3n y las pol\u00edticas reaccionarias utilizan a las personas usuarias de drogas y otras comunidades marginadas como chivos expiatorios \u2014 trat\u00e1ndoles como desechables \u2014 <\/span><b>nuestra acci\u00f3n colectiva y estrat\u00e9gica es m\u00e1s urgente que nunca.<\/b><\/p>\n<p><span style=\"font-weight: 400;\">El <\/span><b>D\u00eda de Acci\u00f3n Mundial de Apoye. No Castigue de 2026 <\/b><span style=\"font-weight: 400;\">\u2014 conmemorado alrededor del 26 de junio \u2014 es una oportunidad para unirnos en solidaridad transnacional, mostrar nuestra fuerza, contrarrestar narrativas da\u00f1inas y conectar con otras personas para avanzar alternativas sostenibles a la \u201cguerra contra las drogas\u201d.<\/span><\/p>\n<p><span style=\"font-weight: 400;\">Organizaciones, redes comunitarias y grupos de base de todo el mundo est\u00e1n<\/span><b> invitadas a presentar una expresi\u00f3n de inter\u00e9s<\/b><span style=\"font-weight: 400;\"> para participar en este d\u00eda de esperanza y resistencia.<\/span><\/p>\n<hr \/>\n<h2><b>Qu\u00e9 buscamos<\/b><\/h2>\n<p><b>\u00a1Queremos saber qu\u00e9 est\u00e1n planificando para el D\u00eda de Acci\u00f3n Global, independientemente de si necesitan apoyo financiero o no!<\/b><\/p>\n<p><span style=\"font-weight: 400;\">Al dise\u00f1ar sus actividades, les animamos a considerar c\u00f3mo estas son:<\/span><\/p>\n<ul>\n<li style=\"font-weight: 400;\" aria-level=\"1\"><b>Estrat\u00e9gicas<\/b><span style=\"font-weight: 400;\">: con objetivos, audiencias y resultados esperados claros.<\/span><\/li>\n<li style=\"font-weight: 400;\" aria-level=\"1\"><b>Creativas<\/b><span style=\"font-weight: 400;\">: utilizando formatos diversos para involucrar a comunidades, responsables de pol\u00edticas p\u00fablicas y medios.<\/span><\/li>\n<li style=\"font-weight: 400;\" aria-level=\"1\"><b>Colaborativas<\/b><span style=\"font-weight: 400;\">: construyendo alianzas dentro y entre distintos movimientos.<\/span><\/li>\n<li style=\"font-weight: 400;\" aria-level=\"1\"><b>Basadas en liderazgo comunitario<\/b><span style=\"font-weight: 400;\">: involucrando de manera significativa a las comunidades afectadas.<\/span><\/li>\n<\/ul>\n<p><span style=\"font-weight: 400;\">Las acciones en el marco del D\u00eda han incluido incidencia pol\u00edtica a nivel parlamentario, proyecciones y debates con comunidades locales, ruedas de prensa y formaci\u00f3n en medios, charlas y marchas, campa\u00f1as digitales, \u00a1y mucho m\u00e1s!<\/span><\/p>\n<p><span style=\"font-weight: 400;\">Para inspirarse, pueden consultar los informes de a\u00f1os anteriores: <\/span><a href=\"https:\/\/supportdontpunish.org\/support-dont-punish-global-day-of-action-2025-new-challenges-inspire-creative-solutions\/\"><span style=\"font-weight: 400;\">2025<\/span><\/a><span style=\"font-weight: 400;\">, <\/span><a href=\"https:\/\/supportdontpunish.org\/cultivating-ecosystems-of-change-for-lasting-impact\/\"><span style=\"font-weight: 400;\">2024<\/span><\/a><span style=\"font-weight: 400;\">, <\/span><a href=\"https:\/\/supportdontpunish.org\/support-dont-punish-2023-cultivating-ecosystems-of-change-for-a-future-beyond-the-war-on-drugs\/\"><span style=\"font-weight: 400;\">2023<\/span><\/a><span style=\"font-weight: 400;\">.<\/span><\/p>\n<hr \/>\n<h2><b>Qui\u00e9nes pueden postular<\/b><\/h2>\n<p><span style=\"font-weight: 400;\">Nuestro movimiento es global y diverso, y damos la bienvenida a expresiones de inter\u00e9s de <\/span><b>todas las personas y organizaciones que compartan nuestro prop\u00f3sito y quieran sumarse<\/b><span style=\"font-weight: 400;\"> al D\u00eda de Acci\u00f3n Global.<\/span><\/p>\n<p><span style=\"font-weight: 400;\">No obstante, la prioridad para el apoyo financiero se dar\u00e1 a iniciativas lideradas por \u2014y que involucren de manera significativa\u2014 a las comunidades m\u00e1s afectadas por la \u00abguerra contra las drogas\u00bb, incluyendo: personas que usan drogas, comunidades racializadas, j\u00f3venes, comunidades LGBTQ+, trabajadoras y trabajadores sexuales, personas que viven con VIH o afectadas por este, y grupos ubicados en el Sur global.<\/span><\/p>\n<p><span style=\"font-weight: 400;\">Debido a importantes limitaciones de financiaci\u00f3n, <\/span><b>la asignaci\u00f3n de peque\u00f1as subvenciones (con un promedio de 400 USD) ser\u00e1 muy limitada y competitiva en 2026. <\/b><span style=\"font-weight: 400;\">Por ello, recomendamos encarecidamente considerar c\u00f3mo aprovechar recursos locales y organizar actividades que requieran poca o ninguna financiaci\u00f3n.<\/span><\/p>\n<hr \/>\n<h2><b>Enviar su expresi\u00f3n de inter\u00e9s<\/b><\/h2>\n<div class=\"flex flex-col text-sm pb-25\">\n<section class=\"text-token-text-primary w-full focus:outline-none [--shadow-height:45px] has-data-writing-block:pointer-events-none has-data-writing-block:-mt-(--shadow-height) has-data-writing-block:pt-(--shadow-height) [&amp;:has([data-writing-block])&gt;*]:pointer-events-auto scroll-mt-[calc(var(--header-height)+min(200px,max(70px,20svh)))]\" dir=\"auto\" data-turn-id=\"request-WEB:8af06a83-b9eb-45f1-8d48-28d085da2b84-42\" data-testid=\"conversation-turn-12\" data-scroll-anchor=\"true\" data-turn=\"assistant\">\n<div class=\"text-base my-auto mx-auto pb-10 [--thread-content-margin:var(--thread-content-margin-xs,calc(var(--spacing)*4))] @w-sm\/main:[--thread-content-margin:var(--thread-content-margin-sm,calc(var(--spacing)*6))] @w-lg\/main:[--thread-content-margin:var(--thread-content-margin-lg,calc(var(--spacing)*16))] px-(--thread-content-margin)\">\n<div class=\"[--thread-content-max-width:40rem] @w-lg\/main:[--thread-content-max-width:48rem] mx-auto max-w-(--thread-content-max-width) flex-1 group\/turn-messages focus-visible:outline-hidden relative flex w-full min-w-0 flex-col agent-turn\">\n<div class=\"flex max-w-full flex-col gap-4 grow\">\n<div class=\"min-h-8 text-message relative flex w-full flex-col items-end gap-2 text-start break-words whitespace-normal outline-none keyboard-focused:focus-ring [.text-message+&amp;]:mt-1\" dir=\"auto\" tabindex=\"0\" data-message-author-role=\"assistant\" data-message-id=\"7370aff7-8bf5-461f-ab9d-3e95774996c4\" data-message-model-slug=\"gpt-5-3\" data-turn-start-message=\"true\">\n<div class=\"flex w-full flex-col gap-1 empty:hidden\">\n<div class=\"markdown prose dark:prose-invert w-full wrap-break-word light markdown-new-styling\">\n<p data-start=\"0\" data-end=\"63\" data-is-last-node=\"\" data-is-only-node=\"\"><a href=\"https:\/\/supportdontpunish.org\/gdaction-2026-form\"><strong data-start=\"0\" data-end=\"63\" data-is-last-node=\"\" data-is-only-node=\"\">PRESENTAR SU EXPRESI\u00d3N DE INTER\u00c9S SIGUIENDO ESTE ENLACE<\/strong><\/a><\/p>\n<\/div>\n<\/div>\n<\/div>\n<\/div>\n<div class=\"z-0 flex min-h-[46px] justify-start\">\n<hr \/>\n<\/div>\n<\/div>\n<\/div>\n<\/section>\n<\/div>\n<p><span style=\"font-weight: 400;\">Tambi\u00e9n pueden fortalecer este trabajo realizando una <\/span><a href=\"https:\/\/supportdontpunish.org\/support-dont-punish-donations-portal\/\"><span style=\"font-weight: 400;\">donaci\u00f3n<\/span><\/a><span style=\"font-weight: 400;\"> al Programa de Peque\u00f1as Subvenciones de la campa\u00f1a. Todas las contribuciones se destinan directamente a apoyar la organizaci\u00f3n de base en el Sur global, donde la financiaci\u00f3n es m\u00e1s limitada y los impactos de la represi\u00f3n son m\u00e1s severos.<\/span><\/p>\n<hr \/>\n<h3 data-start=\"2460\" data-end=\"2889\"><strong data-start=\"2460\" data-end=\"2495\">Fechas clave y plazos previstos<\/strong><\/h3>\n<ul>\n<li data-start=\"2460\" data-end=\"2889\"><strong>Apertura del Llamado a Expresiones de Inter\u00e9s:<\/strong> 26 de marzo de 2026<\/li>\n<li data-start=\"2460\" data-end=\"2889\"><strong>Fecha l\u00edmite de solicitudes:<\/strong> 20 de abril de 2026<\/li>\n<li data-start=\"2460\" data-end=\"2889\"><strong>Periodo de consideraci\u00f3n:<\/strong> 27 de abril \u2013 8 de mayo de 2026<\/li>\n<li data-start=\"2460\" data-end=\"2889\"><strong>Notificaci\u00f3n del apoyo:<\/strong> 11 \u2013 14 de mayo de 2026<\/li>\n<li data-start=\"2460\" data-end=\"2889\"><strong>Periodo de desembolso:<\/strong> 18 de mayo \u2013 19 de junio de 2026<\/li>\n<li data-start=\"2460\" data-end=\"2889\"><strong>D\u00eda Global de Acci\u00f3n:<\/strong> 26 de junio de 2026<\/li>\n<li data-start=\"2460\" data-end=\"2889\"><strong>Periodo de env\u00edo de informes:<\/strong> julio \u2013 agosto de 2026<\/li>\n<\/ul>\n","protected":false},"excerpt":{"rendered":"<p>D\u00eda de acci\u00f3n mundial de Apoye. No Castigue de 2026 (El lema de la campa\u00f1a ha sido traducido de much\u00edsimas formas. En espa\u00f1ol suele tambi\u00e9n decirse Acompa\u00f1e. No Castigue. Encuentra algunas traducciones aqu\u00ed). Resistencia ante la represi\u00f3n. Construyendo cuidado. Comunidades en todo el mundo siguen resistiendo pol\u00edticas de drogas punitivas y construyendo alternativas basadas en [&hellip;]<\/p>\n","protected":false},"author":1,"featured_media":0,"parent":0,"menu_order":0,"comment_status":"closed","ping_status":"closed","template":"tpl-day-of-action.php","meta":{"footnotes":""},"class_list":["post-687","page","type-page","status-publish","hentry"],"_links":{"self":[{"href":"https:\/\/supportdontpunish.org\/es\/wp-json\/wp\/v2\/pages\/687","targetHints":{"allow":["GET"]}}],"collection":[{"href":"https:\/\/supportdontpunish.org\/es\/wp-json\/wp\/v2\/pages"}],"about":[{"href":"https:\/\/supportdontpunish.org\/es\/wp-json\/wp\/v2\/types\/page"}],"author":[{"embeddable":true,"href":"https:\/\/supportdontpunish.org\/es\/wp-json\/wp\/v2\/users\/1"}],"replies":[{"embeddable":true,"href":"https:\/\/supportdontpunish.org\/es\/wp-json\/wp\/v2\/comments?post=687"}],"version-history":[{"count":0,"href":"https:\/\/supportdontpunish.org\/es\/wp-json\/wp\/v2\/pages\/687\/revisions"}],"wp:attachment":[{"href":"https:\/\/supportdontpunish.org\/es\/wp-json\/wp\/v2\/media?parent=687"}],"curies":[{"name":"wp","href":"https:\/\/api.w.org\/{rel}","templated":true}]}}