{"id":655,"date":"2018-11-26T11:01:23","date_gmt":"2018-11-26T11:01:23","guid":{"rendered":"http:\/\/studiomade.supportdontpunish.org\/?page_id=655"},"modified":"2021-05-26T18:28:07","modified_gmt":"2021-05-26T17:28:07","slug":"ngos","status":"publish","type":"page","link":"https:\/\/supportdontpunish.org\/es\/acerca-de\/ngos\/","title":{"rendered":"Organizaciones adherentes"},"content":{"rendered":"<h1>Organizaciones adherentes<\/h1>\n<p>Las siguientes organizaciones apoyan la campa\u00f1a <strong>Apoye. No Castigue<\/strong>. Si desea agregar su organizaci\u00f3n a esta p\u00e1gina, env\u00ede su logo, nombre de organizacion, y sitio web.<\/p>\n","protected":false},"excerpt":{"rendered":"<p>Organizaciones adherentes Las siguientes organizaciones apoyan la campa\u00f1a Apoye. No Castigue. Si desea agregar su organizaci\u00f3n a esta p\u00e1gina, env\u00ede su logo, nombre de organizacion, y sitio web.<\/p>\n","protected":false},"author":1,"featured_media":0,"parent":707,"menu_order":0,"comment_status":"closed","ping_status":"closed","template":"tpl-ngos.php","meta":{"footnotes":""},"class_list":["post-655","page","type-page","status-publish","hentry"],"_links":{"self":[{"href":"https:\/\/supportdontpunish.org\/es\/wp-json\/wp\/v2\/pages\/655","targetHints":{"allow":["GET"]}}],"collection":[{"href":"https:\/\/supportdontpunish.org\/es\/wp-json\/wp\/v2\/pages"}],"about":[{"href":"https:\/\/supportdontpunish.org\/es\/wp-json\/wp\/v2\/types\/page"}],"author":[{"embeddable":true,"href":"https:\/\/supportdontpunish.org\/es\/wp-json\/wp\/v2\/users\/1"}],"replies":[{"embeddable":true,"href":"https:\/\/supportdontpunish.org\/es\/wp-json\/wp\/v2\/comments?post=655"}],"version-history":[{"count":0,"href":"https:\/\/supportdontpunish.org\/es\/wp-json\/wp\/v2\/pages\/655\/revisions"}],"up":[{"embeddable":true,"href":"https:\/\/supportdontpunish.org\/es\/wp-json\/wp\/v2\/pages\/707"}],"wp:attachment":[{"href":"https:\/\/supportdontpunish.org\/es\/wp-json\/wp\/v2\/media?parent=655"}],"curies":[{"name":"wp","href":"https:\/\/api.w.org\/{rel}","templated":true}]}}